{"id":597,"date":"2024-04-18T09:11:45","date_gmt":"2024-04-18T15:11:45","guid":{"rendered":"https:\/\/audioproxpert.com\/?post_type=product&#038;p=597"},"modified":"2024-04-18T09:41:02","modified_gmt":"2024-04-18T15:41:02","slug":"jinghao-jh-a17","status":"publish","type":"product","link":"https:\/\/audioproxpert.com\/?product=jinghao-jh-a17","title":{"rendered":"Jinghao JH-A17"},"content":{"rendered":"","protected":false},"excerpt":{"rendered":"<p>Canales 16 canales<br \/>\nTama\u00f1o 8,5*15,0*8,3 mm (tama\u00f1o del aud\u00edfono) \/ 60,5*38,0*28,2 mm (tama\u00f1o de la caja de carga)<br \/>\nSalida m\u00e1xima (OSPL90)<br \/>\n108dB<br \/>\nRespuesta frecuente<br \/>\n200-6000Hz<br \/>\nValor de ganancia promedio<br \/>\n29dB<br \/>\nRuido de entrada equivalente<br \/>\n15dB<br \/>\nCLASIFICACI\u00d3N DEL IP<br \/>\nIP53<br \/>\nCertificaciones<br \/>\nCE, ROHS, BSCI, ISO13485 (CE m\u00e9dico), venta gratuita (CFS)<br \/>\nCaracter\u00edstica de producto<br \/>\n1. Se utiliza una potente tecnolog\u00eda de reducci\u00f3n de ruido para reducir el ruido de fondo y mejorar la claridad del habla.<br \/>\n2. Cuando se usa A17BT y se recibe estimulaci\u00f3n verbal de 60 dB, la tasa de reconocimiento de voz del usuario puede alcanzar el 90 %, con un umbral auditivo de 48 dB, lo que le permite<br \/>\nescuchar m\u00e1s vocabulario.<br \/>\n3. Rendimiento estable, logrando una tasa de rendimiento del 98,19%<br \/>\n4. C\u00f3modo de llevar, con color de piel invisible. Cargar durante 15 minutos puede lograr un efecto de aud\u00edfono de 2 horas.<br \/>\n5. Se pueden cambiar libremente cuatro escenarios de aplicaci\u00f3n,<br \/>\nincluidos est\u00e1ndar, restaurante, exterior y m\u00fasica.<br \/>\n6. Solo se necesita un bot\u00f3n para ajustar el volumen y el modo, lo cual es simple<br \/>\ny conveniente.<br \/>\n7. CIC todos los aud\u00edfonos digitales, adecuados para personas con p\u00e9rdida auditiva de moderada\u00a0a\u00a0leve.<\/p>\n","protected":false},"featured_media":599,"comment_status":"open","ping_status":"closed","template":"","meta":{"_et_pb_use_builder":"","_et_pb_old_content":"","_et_gb_content_width":"","_uag_custom_page_level_css":""},"product_brand":[],"product_cat":[24],"product_tag":[],"class_list":{"0":"post-597","1":"product","2":"type-product","3":"status-publish","4":"has-post-thumbnail","6":"product_cat-jinghao","8":"first","9":"instock","10":"taxable","11":"shipping-taxable","12":"purchasable","13":"product-type-simple"},"yoast_head":"<!-- This site is optimized with the Yoast SEO plugin v23.5 - https:\/\/yoast.com\/wordpress\/plugins\/seo\/ -->\n<title>Jinghao JH-A17 - audioproxpert<\/title>\n<meta name=\"robots\" content=\"index, follow, max-snippet:-1, max-image-preview:large, max-video-preview:-1\" \/>\n<link rel=\"canonical\" href=\"https:\/\/audioproxpert.com\/?product=jinghao-jh-a17\" \/>\n<meta property=\"og:locale\" content=\"es_ES\" \/>\n<meta property=\"og:type\" content=\"article\" \/>\n<meta property=\"og:title\" content=\"Jinghao JH-A17 - audioproxpert\" \/>\n<meta property=\"og:description\" content=\"Canales 16 canales Tama\u00f1o 8,5*15,0*8,3 mm (tama\u00f1o del aud\u00edfono) \/ 60,5*38,0*28,2 mm (tama\u00f1o de la caja de carga) Salida m\u00e1xima (OSPL90) 108dB Respuesta frecuente 200-6000Hz Valor de ganancia promedio 29dB Ruido de entrada equivalente 15dB CLASIFICACI\u00d3N DEL IP IP53 Certificaciones CE, ROHS, BSCI, ISO13485 (CE m\u00e9dico), venta gratuita (CFS) Caracter\u00edstica de producto 1. Se utiliza una potente tecnolog\u00eda de reducci\u00f3n de ruido para reducir el ruido de fondo y mejorar la claridad del habla. 2. Cuando se usa A17BT y se recibe estimulaci\u00f3n verbal de 60 dB, la tasa de reconocimiento de voz del usuario puede alcanzar el 90 %, con un umbral auditivo de 48 dB, lo que le permite escuchar m\u00e1s vocabulario. 3. Rendimiento estable, logrando una tasa de rendimiento del 98,19% 4. C\u00f3modo de llevar, con color de piel invisible. Cargar durante 15 minutos puede lograr un efecto de aud\u00edfono de 2 horas. 5. Se pueden cambiar libremente cuatro escenarios de aplicaci\u00f3n, incluidos est\u00e1ndar, restaurante, exterior y m\u00fasica. 6. Solo se necesita un bot\u00f3n para ajustar el volumen y el modo, lo cual es simple y conveniente. 7. CIC todos los aud\u00edfonos digitales, adecuados para personas con p\u00e9rdida auditiva de moderada\u00a0a\u00a0leve.\" \/>\n<meta property=\"og:url\" content=\"https:\/\/audioproxpert.com\/?product=jinghao-jh-a17\" \/>\n<meta property=\"og:site_name\" content=\"audioproxpert\" \/>\n<meta property=\"article:publisher\" content=\"https:\/\/www.facebook.com\/profile.php?id=100083037445521\" \/>\n<meta property=\"article:modified_time\" content=\"2024-04-18T15:41:02+00:00\" \/>\n<meta property=\"og:image\" content=\"https:\/\/audioproxpert.com\/wp-content\/uploads\/2024\/04\/Imagen-de-WhatsApp-2024-04-17-a-las-12.37.50_49a9fa60.jpg\" \/>\n\t<meta property=\"og:image:width\" content=\"940\" \/>\n\t<meta property=\"og:image:height\" content=\"788\" \/>\n\t<meta property=\"og:image:type\" content=\"image\/jpeg\" \/>\n<meta name=\"twitter:card\" content=\"summary_large_image\" \/>\n<meta name=\"twitter:site\" content=\"@AudioproXperts\" \/>\n<script type=\"application\/ld+json\" class=\"yoast-schema-graph\">{\"@context\":\"https:\/\/schema.org\",\"@graph\":[{\"@type\":\"WebPage\",\"@id\":\"https:\/\/audioproxpert.com\/?product=jinghao-jh-a17\",\"url\":\"https:\/\/audioproxpert.com\/?product=jinghao-jh-a17\",\"name\":\"Jinghao JH-A17 - audioproxpert\",\"isPartOf\":{\"@id\":\"https:\/\/audioproxpert.com\/#website\"},\"primaryImageOfPage\":{\"@id\":\"https:\/\/audioproxpert.com\/?product=jinghao-jh-a17#primaryimage\"},\"image\":{\"@id\":\"https:\/\/audioproxpert.com\/?product=jinghao-jh-a17#primaryimage\"},\"thumbnailUrl\":\"https:\/\/audioproxpert.com\/wp-content\/uploads\/2024\/04\/Imagen-de-WhatsApp-2024-04-17-a-las-12.37.50_49a9fa60.jpg\",\"datePublished\":\"2024-04-18T15:11:45+00:00\",\"dateModified\":\"2024-04-18T15:41:02+00:00\",\"breadcrumb\":{\"@id\":\"https:\/\/audioproxpert.com\/?product=jinghao-jh-a17#breadcrumb\"},\"inLanguage\":\"es\",\"potentialAction\":[{\"@type\":\"ReadAction\",\"target\":[\"https:\/\/audioproxpert.com\/?product=jinghao-jh-a17\"]}]},{\"@type\":\"ImageObject\",\"inLanguage\":\"es\",\"@id\":\"https:\/\/audioproxpert.com\/?product=jinghao-jh-a17#primaryimage\",\"url\":\"https:\/\/audioproxpert.com\/wp-content\/uploads\/2024\/04\/Imagen-de-WhatsApp-2024-04-17-a-las-12.37.50_49a9fa60.jpg\",\"contentUrl\":\"https:\/\/audioproxpert.com\/wp-content\/uploads\/2024\/04\/Imagen-de-WhatsApp-2024-04-17-a-las-12.37.50_49a9fa60.jpg\",\"width\":940,\"height\":788},{\"@type\":\"BreadcrumbList\",\"@id\":\"https:\/\/audioproxpert.com\/?product=jinghao-jh-a17#breadcrumb\",\"itemListElement\":[{\"@type\":\"ListItem\",\"position\":1,\"name\":\"Portada\",\"item\":\"https:\/\/audioproxpert.com\/\"},{\"@type\":\"ListItem\",\"position\":2,\"name\":\"Tienda\",\"item\":\"https:\/\/audioproxpert.com\/?page_id=20\"},{\"@type\":\"ListItem\",\"position\":3,\"name\":\"Jinghao JH-A17\"}]},{\"@type\":\"WebSite\",\"@id\":\"https:\/\/audioproxpert.com\/#website\",\"url\":\"https:\/\/audioproxpert.com\/\",\"name\":\"audioproxpert\",\"description\":\"\",\"potentialAction\":[{\"@type\":\"SearchAction\",\"target\":{\"@type\":\"EntryPoint\",\"urlTemplate\":\"https:\/\/audioproxpert.com\/?s={search_term_string}\"},\"query-input\":{\"@type\":\"PropertyValueSpecification\",\"valueRequired\":true,\"valueName\":\"search_term_string\"}}],\"inLanguage\":\"es\"}]}<\/script>\n<!-- \/ Yoast SEO plugin. -->","yoast_head_json":{"title":"Jinghao JH-A17 - audioproxpert","robots":{"index":"index","follow":"follow","max-snippet":"max-snippet:-1","max-image-preview":"max-image-preview:large","max-video-preview":"max-video-preview:-1"},"canonical":"https:\/\/audioproxpert.com\/?product=jinghao-jh-a17","og_locale":"es_ES","og_type":"article","og_title":"Jinghao JH-A17 - audioproxpert","og_description":"Canales 16 canales Tama\u00f1o 8,5*15,0*8,3 mm (tama\u00f1o del aud\u00edfono) \/ 60,5*38,0*28,2 mm (tama\u00f1o de la caja de carga) Salida m\u00e1xima (OSPL90) 108dB Respuesta frecuente 200-6000Hz Valor de ganancia promedio 29dB Ruido de entrada equivalente 15dB CLASIFICACI\u00d3N DEL IP IP53 Certificaciones CE, ROHS, BSCI, ISO13485 (CE m\u00e9dico), venta gratuita (CFS) Caracter\u00edstica de producto 1. Se utiliza una potente tecnolog\u00eda de reducci\u00f3n de ruido para reducir el ruido de fondo y mejorar la claridad del habla. 2. Cuando se usa A17BT y se recibe estimulaci\u00f3n verbal de 60 dB, la tasa de reconocimiento de voz del usuario puede alcanzar el 90 %, con un umbral auditivo de 48 dB, lo que le permite escuchar m\u00e1s vocabulario. 3. Rendimiento estable, logrando una tasa de rendimiento del 98,19% 4. C\u00f3modo de llevar, con color de piel invisible. Cargar durante 15 minutos puede lograr un efecto de aud\u00edfono de 2 horas. 5. Se pueden cambiar libremente cuatro escenarios de aplicaci\u00f3n, incluidos est\u00e1ndar, restaurante, exterior y m\u00fasica. 6. Solo se necesita un bot\u00f3n para ajustar el volumen y el modo, lo cual es simple y conveniente. 7. CIC todos los aud\u00edfonos digitales, adecuados para personas con p\u00e9rdida auditiva de moderada\u00a0a\u00a0leve.","og_url":"https:\/\/audioproxpert.com\/?product=jinghao-jh-a17","og_site_name":"audioproxpert","article_publisher":"https:\/\/www.facebook.com\/profile.php?id=100083037445521","article_modified_time":"2024-04-18T15:41:02+00:00","og_image":[{"width":940,"height":788,"url":"https:\/\/audioproxpert.com\/wp-content\/uploads\/2024\/04\/Imagen-de-WhatsApp-2024-04-17-a-las-12.37.50_49a9fa60.jpg","type":"image\/jpeg"}],"twitter_card":"summary_large_image","twitter_site":"@AudioproXperts","schema":{"@context":"https:\/\/schema.org","@graph":[{"@type":"WebPage","@id":"https:\/\/audioproxpert.com\/?product=jinghao-jh-a17","url":"https:\/\/audioproxpert.com\/?product=jinghao-jh-a17","name":"Jinghao JH-A17 - audioproxpert","isPartOf":{"@id":"https:\/\/audioproxpert.com\/#website"},"primaryImageOfPage":{"@id":"https:\/\/audioproxpert.com\/?product=jinghao-jh-a17#primaryimage"},"image":{"@id":"https:\/\/audioproxpert.com\/?product=jinghao-jh-a17#primaryimage"},"thumbnailUrl":"https:\/\/audioproxpert.com\/wp-content\/uploads\/2024\/04\/Imagen-de-WhatsApp-2024-04-17-a-las-12.37.50_49a9fa60.jpg","datePublished":"2024-04-18T15:11:45+00:00","dateModified":"2024-04-18T15:41:02+00:00","breadcrumb":{"@id":"https:\/\/audioproxpert.com\/?product=jinghao-jh-a17#breadcrumb"},"inLanguage":"es","potentialAction":[{"@type":"ReadAction","target":["https:\/\/audioproxpert.com\/?product=jinghao-jh-a17"]}]},{"@type":"ImageObject","inLanguage":"es","@id":"https:\/\/audioproxpert.com\/?product=jinghao-jh-a17#primaryimage","url":"https:\/\/audioproxpert.com\/wp-content\/uploads\/2024\/04\/Imagen-de-WhatsApp-2024-04-17-a-las-12.37.50_49a9fa60.jpg","contentUrl":"https:\/\/audioproxpert.com\/wp-content\/uploads\/2024\/04\/Imagen-de-WhatsApp-2024-04-17-a-las-12.37.50_49a9fa60.jpg","width":940,"height":788},{"@type":"BreadcrumbList","@id":"https:\/\/audioproxpert.com\/?product=jinghao-jh-a17#breadcrumb","itemListElement":[{"@type":"ListItem","position":1,"name":"Portada","item":"https:\/\/audioproxpert.com\/"},{"@type":"ListItem","position":2,"name":"Tienda","item":"https:\/\/audioproxpert.com\/?page_id=20"},{"@type":"ListItem","position":3,"name":"Jinghao JH-A17"}]},{"@type":"WebSite","@id":"https:\/\/audioproxpert.com\/#website","url":"https:\/\/audioproxpert.com\/","name":"audioproxpert","description":"","potentialAction":[{"@type":"SearchAction","target":{"@type":"EntryPoint","urlTemplate":"https:\/\/audioproxpert.com\/?s={search_term_string}"},"query-input":{"@type":"PropertyValueSpecification","valueRequired":true,"valueName":"search_term_string"}}],"inLanguage":"es"}]}},"uagb_featured_image_src":{"full":["https:\/\/audioproxpert.com\/wp-content\/uploads\/2024\/04\/Imagen-de-WhatsApp-2024-04-17-a-las-12.37.50_49a9fa60.jpg",940,788,false],"thumbnail":["https:\/\/audioproxpert.com\/wp-content\/uploads\/2024\/04\/Imagen-de-WhatsApp-2024-04-17-a-las-12.37.50_49a9fa60-150x150.jpg",150,150,true],"medium":["https:\/\/audioproxpert.com\/wp-content\/uploads\/2024\/04\/Imagen-de-WhatsApp-2024-04-17-a-las-12.37.50_49a9fa60-300x251.jpg",300,251,true],"medium_large":["https:\/\/audioproxpert.com\/wp-content\/uploads\/2024\/04\/Imagen-de-WhatsApp-2024-04-17-a-las-12.37.50_49a9fa60-768x644.jpg",768,644,true],"large":["https:\/\/audioproxpert.com\/wp-content\/uploads\/2024\/04\/Imagen-de-WhatsApp-2024-04-17-a-las-12.37.50_49a9fa60.jpg",940,788,false],"1536x1536":["https:\/\/audioproxpert.com\/wp-content\/uploads\/2024\/04\/Imagen-de-WhatsApp-2024-04-17-a-las-12.37.50_49a9fa60.jpg",940,788,false],"2048x2048":["https:\/\/audioproxpert.com\/wp-content\/uploads\/2024\/04\/Imagen-de-WhatsApp-2024-04-17-a-las-12.37.50_49a9fa60.jpg",940,788,false],"et-pb-post-main-image":["https:\/\/audioproxpert.com\/wp-content\/uploads\/2024\/04\/Imagen-de-WhatsApp-2024-04-17-a-las-12.37.50_49a9fa60-400x250.jpg",400,250,true],"et-pb-post-main-image-fullwidth":["https:\/\/audioproxpert.com\/wp-content\/uploads\/2024\/04\/Imagen-de-WhatsApp-2024-04-17-a-las-12.37.50_49a9fa60-940x675.jpg",940,675,true],"et-pb-portfolio-image":["https:\/\/audioproxpert.com\/wp-content\/uploads\/2024\/04\/Imagen-de-WhatsApp-2024-04-17-a-las-12.37.50_49a9fa60-400x284.jpg",400,284,true],"et-pb-portfolio-module-image":["https:\/\/audioproxpert.com\/wp-content\/uploads\/2024\/04\/Imagen-de-WhatsApp-2024-04-17-a-las-12.37.50_49a9fa60-510x382.jpg",510,382,true],"et-pb-portfolio-image-single":["https:\/\/audioproxpert.com\/wp-content\/uploads\/2024\/04\/Imagen-de-WhatsApp-2024-04-17-a-las-12.37.50_49a9fa60.jpg",940,788,false],"et-pb-gallery-module-image-portrait":["https:\/\/audioproxpert.com\/wp-content\/uploads\/2024\/04\/Imagen-de-WhatsApp-2024-04-17-a-las-12.37.50_49a9fa60-400x516.jpg",400,516,true],"et-pb-post-main-image-fullwidth-large":["https:\/\/audioproxpert.com\/wp-content\/uploads\/2024\/04\/Imagen-de-WhatsApp-2024-04-17-a-las-12.37.50_49a9fa60.jpg",940,788,false],"et-pb-image--responsive--desktop":["https:\/\/audioproxpert.com\/wp-content\/uploads\/2024\/04\/Imagen-de-WhatsApp-2024-04-17-a-las-12.37.50_49a9fa60.jpg",859,720,false],"et-pb-image--responsive--tablet":["https:\/\/audioproxpert.com\/wp-content\/uploads\/2024\/04\/Imagen-de-WhatsApp-2024-04-17-a-las-12.37.50_49a9fa60.jpg",657,551,false],"et-pb-image--responsive--phone":["https:\/\/audioproxpert.com\/wp-content\/uploads\/2024\/04\/Imagen-de-WhatsApp-2024-04-17-a-las-12.37.50_49a9fa60-480x402.jpg",322,270,true],"woocommerce_thumbnail":["https:\/\/audioproxpert.com\/wp-content\/uploads\/2024\/04\/Imagen-de-WhatsApp-2024-04-17-a-las-12.37.50_49a9fa60-300x300.jpg",300,300,true],"woocommerce_single":["https:\/\/audioproxpert.com\/wp-content\/uploads\/2024\/04\/Imagen-de-WhatsApp-2024-04-17-a-las-12.37.50_49a9fa60-600x503.jpg",600,503,true],"woocommerce_gallery_thumbnail":["https:\/\/audioproxpert.com\/wp-content\/uploads\/2024\/04\/Imagen-de-WhatsApp-2024-04-17-a-las-12.37.50_49a9fa60-100x100.jpg",100,100,true]},"uagb_author_info":{"display_name":"Luis Diaz","author_link":"https:\/\/audioproxpert.com\/?author=0"},"uagb_comment_info":0,"uagb_excerpt":"Canales 16 canales Tama\u00f1o 8,5*15,0*8,3 mm (tama\u00f1o del aud\u00edfono) \/ 60,5*38,0*28,2 mm (tama\u00f1o de la caja de carga) Salida m\u00e1xima (OSPL90) 108dB Respuesta frecuente 200-6000Hz Valor de ganancia promedio 29dB Ruido de entrada equivalente 15dB CLASIFICACI\u00d3N DEL IP IP53 Certificaciones CE, ROHS, BSCI, ISO13485 (CE m\u00e9dico), venta gratuita (CFS) Caracter\u00edstica de producto 1. Se utiliza&hellip;","jetpack_sharing_enabled":true,"_links":{"self":[{"href":"https:\/\/audioproxpert.com\/index.php?rest_route=\/wp\/v2\/product\/597","targetHints":{"allow":["GET"]}}],"collection":[{"href":"https:\/\/audioproxpert.com\/index.php?rest_route=\/wp\/v2\/product"}],"about":[{"href":"https:\/\/audioproxpert.com\/index.php?rest_route=\/wp\/v2\/types\/product"}],"replies":[{"embeddable":true,"href":"https:\/\/audioproxpert.com\/index.php?rest_route=%2Fwp%2Fv2%2Fcomments&post=597"}],"wp:featuredmedia":[{"embeddable":true,"href":"https:\/\/audioproxpert.com\/index.php?rest_route=\/wp\/v2\/media\/599"}],"wp:attachment":[{"href":"https:\/\/audioproxpert.com\/index.php?rest_route=%2Fwp%2Fv2%2Fmedia&parent=597"}],"wp:term":[{"taxonomy":"product_brand","embeddable":true,"href":"https:\/\/audioproxpert.com\/index.php?rest_route=%2Fwp%2Fv2%2Fproduct_brand&post=597"},{"taxonomy":"product_cat","embeddable":true,"href":"https:\/\/audioproxpert.com\/index.php?rest_route=%2Fwp%2Fv2%2Fproduct_cat&post=597"},{"taxonomy":"product_tag","embeddable":true,"href":"https:\/\/audioproxpert.com\/index.php?rest_route=%2Fwp%2Fv2%2Fproduct_tag&post=597"}],"curies":[{"name":"wp","href":"https:\/\/api.w.org\/{rel}","templated":true}]}}