{"id":591,"date":"2024-04-18T08:54:34","date_gmt":"2024-04-18T14:54:34","guid":{"rendered":"https:\/\/audioproxpert.com\/?post_type=product&#038;p=591"},"modified":"2024-12-23T14:38:53","modified_gmt":"2024-12-23T20:38:53","slug":"jinghao-jha610","status":"publish","type":"product","link":"https:\/\/audioproxpert.com\/?product=jinghao-jha610","title":{"rendered":"Jinghao JHA610"},"content":{"rendered":"","protected":false},"excerpt":{"rendered":"<p>La detecci\u00f3n en el o\u00eddo sin chirrido evita la retroalimentaci\u00f3n :<br \/>\nreduce el riesgo de da\u00f1o auditivo debido al chirrido, enciende con detecci\u00f3n de colocaci\u00f3n en el canal auditivo, ap\u00e1galo una vez retirado.<br \/>\nAjuste c\u00f3modo :<br \/>\nergonom\u00eda perfeccionada, aproximadamente 3 g de peso ligero. Col\u00f3quese naturalmente en los canales auditivos para un ajuste firme y seguro durante el uso prolongado.<br \/>\nBot\u00f3n grande, modifica f\u00e1cilmente :<br \/>\ngira la perilla de ajuste hasta 190\u00b0, f\u00e1cil operaci\u00f3n.<br \/>\nProtecci\u00f3n NTC :<br \/>\nse apaga autom\u00e1ticamente cuando la temperatura alcanza los 40 \u2103 por seguridad.<br \/>\nF\u00e1cil de cargar :<br \/>\n2 horas de carga completa le brindan 12 horas de escucha con una sola carga, recarga r\u00e1pidamente hasta 3 veces y lo mantiene escuchando hasta 36 horas. (Nota: pruebas realizadas en el laboratorio JINGHAO, los resultados pueden variar\u00a0seg\u00fan\u00a0el\u00a0uso).<\/p>\n","protected":false},"featured_media":594,"comment_status":"open","ping_status":"closed","template":"","meta":{"_et_pb_use_builder":"","_et_pb_old_content":"","_et_gb_content_width":"","_uag_custom_page_level_css":""},"product_brand":[],"product_cat":[24],"product_tag":[],"class_list":{"0":"post-591","1":"product","2":"type-product","3":"status-publish","4":"has-post-thumbnail","6":"product_cat-jinghao","8":"first","9":"instock","10":"taxable","11":"shipping-taxable","12":"purchasable","13":"product-type-simple"},"yoast_head":"<!-- This site is optimized with the Yoast SEO plugin v23.5 - https:\/\/yoast.com\/wordpress\/plugins\/seo\/ -->\n<title>Jinghao JHA610 - audioproxpert<\/title>\n<meta name=\"robots\" content=\"index, follow, max-snippet:-1, max-image-preview:large, max-video-preview:-1\" \/>\n<link rel=\"canonical\" href=\"https:\/\/audioproxpert.com\/?product=jinghao-jha610\" \/>\n<meta property=\"og:locale\" content=\"es_ES\" \/>\n<meta property=\"og:type\" content=\"article\" \/>\n<meta property=\"og:title\" content=\"Jinghao JHA610 - audioproxpert\" \/>\n<meta property=\"og:description\" content=\"La detecci\u00f3n en el o\u00eddo sin chirrido evita la retroalimentaci\u00f3n : reduce el riesgo de da\u00f1o auditivo debido al chirrido, enciende con detecci\u00f3n de colocaci\u00f3n en el canal auditivo, ap\u00e1galo una vez retirado. Ajuste c\u00f3modo : ergonom\u00eda perfeccionada, aproximadamente 3 g de peso ligero. Col\u00f3quese naturalmente en los canales auditivos para un ajuste firme y seguro durante el uso prolongado. Bot\u00f3n grande, modifica f\u00e1cilmente : gira la perilla de ajuste hasta 190\u00b0, f\u00e1cil operaci\u00f3n. Protecci\u00f3n NTC : se apaga autom\u00e1ticamente cuando la temperatura alcanza los 40 \u2103 por seguridad. F\u00e1cil de cargar : 2 horas de carga completa le brindan 12 horas de escucha con una sola carga, recarga r\u00e1pidamente hasta 3 veces y lo mantiene escuchando hasta 36 horas. (Nota: pruebas realizadas en el laboratorio JINGHAO, los resultados pueden variar\u00a0seg\u00fan\u00a0el\u00a0uso).\" \/>\n<meta property=\"og:url\" content=\"https:\/\/audioproxpert.com\/?product=jinghao-jha610\" \/>\n<meta property=\"og:site_name\" content=\"audioproxpert\" \/>\n<meta property=\"article:publisher\" content=\"https:\/\/www.facebook.com\/profile.php?id=100083037445521\" \/>\n<meta property=\"article:modified_time\" content=\"2024-12-23T20:38:53+00:00\" \/>\n<meta property=\"og:image\" content=\"https:\/\/audioproxpert.com\/wp-content\/uploads\/2024\/04\/IMG-20240418-WA0027.jpg\" \/>\n\t<meta property=\"og:image:width\" content=\"940\" \/>\n\t<meta property=\"og:image:height\" content=\"788\" \/>\n\t<meta property=\"og:image:type\" content=\"image\/jpeg\" \/>\n<meta name=\"twitter:card\" content=\"summary_large_image\" \/>\n<meta name=\"twitter:site\" content=\"@AudioproXperts\" \/>\n<script type=\"application\/ld+json\" class=\"yoast-schema-graph\">{\"@context\":\"https:\/\/schema.org\",\"@graph\":[{\"@type\":\"WebPage\",\"@id\":\"https:\/\/audioproxpert.com\/?product=jinghao-jha610\",\"url\":\"https:\/\/audioproxpert.com\/?product=jinghao-jha610\",\"name\":\"Jinghao JHA610 - audioproxpert\",\"isPartOf\":{\"@id\":\"https:\/\/audioproxpert.com\/#website\"},\"primaryImageOfPage\":{\"@id\":\"https:\/\/audioproxpert.com\/?product=jinghao-jha610#primaryimage\"},\"image\":{\"@id\":\"https:\/\/audioproxpert.com\/?product=jinghao-jha610#primaryimage\"},\"thumbnailUrl\":\"https:\/\/audioproxpert.com\/wp-content\/uploads\/2024\/04\/IMG-20240418-WA0027.jpg\",\"datePublished\":\"2024-04-18T14:54:34+00:00\",\"dateModified\":\"2024-12-23T20:38:53+00:00\",\"breadcrumb\":{\"@id\":\"https:\/\/audioproxpert.com\/?product=jinghao-jha610#breadcrumb\"},\"inLanguage\":\"es\",\"potentialAction\":[{\"@type\":\"ReadAction\",\"target\":[\"https:\/\/audioproxpert.com\/?product=jinghao-jha610\"]}]},{\"@type\":\"ImageObject\",\"inLanguage\":\"es\",\"@id\":\"https:\/\/audioproxpert.com\/?product=jinghao-jha610#primaryimage\",\"url\":\"https:\/\/audioproxpert.com\/wp-content\/uploads\/2024\/04\/IMG-20240418-WA0027.jpg\",\"contentUrl\":\"https:\/\/audioproxpert.com\/wp-content\/uploads\/2024\/04\/IMG-20240418-WA0027.jpg\",\"width\":940,\"height\":788},{\"@type\":\"BreadcrumbList\",\"@id\":\"https:\/\/audioproxpert.com\/?product=jinghao-jha610#breadcrumb\",\"itemListElement\":[{\"@type\":\"ListItem\",\"position\":1,\"name\":\"Portada\",\"item\":\"https:\/\/audioproxpert.com\/\"},{\"@type\":\"ListItem\",\"position\":2,\"name\":\"Tienda\",\"item\":\"https:\/\/audioproxpert.com\/?page_id=20\"},{\"@type\":\"ListItem\",\"position\":3,\"name\":\"Jinghao JHA610\"}]},{\"@type\":\"WebSite\",\"@id\":\"https:\/\/audioproxpert.com\/#website\",\"url\":\"https:\/\/audioproxpert.com\/\",\"name\":\"audioproxpert\",\"description\":\"\",\"potentialAction\":[{\"@type\":\"SearchAction\",\"target\":{\"@type\":\"EntryPoint\",\"urlTemplate\":\"https:\/\/audioproxpert.com\/?s={search_term_string}\"},\"query-input\":{\"@type\":\"PropertyValueSpecification\",\"valueRequired\":true,\"valueName\":\"search_term_string\"}}],\"inLanguage\":\"es\"}]}<\/script>\n<!-- \/ Yoast SEO plugin. -->","yoast_head_json":{"title":"Jinghao JHA610 - audioproxpert","robots":{"index":"index","follow":"follow","max-snippet":"max-snippet:-1","max-image-preview":"max-image-preview:large","max-video-preview":"max-video-preview:-1"},"canonical":"https:\/\/audioproxpert.com\/?product=jinghao-jha610","og_locale":"es_ES","og_type":"article","og_title":"Jinghao JHA610 - audioproxpert","og_description":"La detecci\u00f3n en el o\u00eddo sin chirrido evita la retroalimentaci\u00f3n : reduce el riesgo de da\u00f1o auditivo debido al chirrido, enciende con detecci\u00f3n de colocaci\u00f3n en el canal auditivo, ap\u00e1galo una vez retirado. Ajuste c\u00f3modo : ergonom\u00eda perfeccionada, aproximadamente 3 g de peso ligero. Col\u00f3quese naturalmente en los canales auditivos para un ajuste firme y seguro durante el uso prolongado. Bot\u00f3n grande, modifica f\u00e1cilmente : gira la perilla de ajuste hasta 190\u00b0, f\u00e1cil operaci\u00f3n. Protecci\u00f3n NTC : se apaga autom\u00e1ticamente cuando la temperatura alcanza los 40 \u2103 por seguridad. F\u00e1cil de cargar : 2 horas de carga completa le brindan 12 horas de escucha con una sola carga, recarga r\u00e1pidamente hasta 3 veces y lo mantiene escuchando hasta 36 horas. (Nota: pruebas realizadas en el laboratorio JINGHAO, los resultados pueden variar\u00a0seg\u00fan\u00a0el\u00a0uso).","og_url":"https:\/\/audioproxpert.com\/?product=jinghao-jha610","og_site_name":"audioproxpert","article_publisher":"https:\/\/www.facebook.com\/profile.php?id=100083037445521","article_modified_time":"2024-12-23T20:38:53+00:00","og_image":[{"width":940,"height":788,"url":"https:\/\/audioproxpert.com\/wp-content\/uploads\/2024\/04\/IMG-20240418-WA0027.jpg","type":"image\/jpeg"}],"twitter_card":"summary_large_image","twitter_site":"@AudioproXperts","schema":{"@context":"https:\/\/schema.org","@graph":[{"@type":"WebPage","@id":"https:\/\/audioproxpert.com\/?product=jinghao-jha610","url":"https:\/\/audioproxpert.com\/?product=jinghao-jha610","name":"Jinghao JHA610 - audioproxpert","isPartOf":{"@id":"https:\/\/audioproxpert.com\/#website"},"primaryImageOfPage":{"@id":"https:\/\/audioproxpert.com\/?product=jinghao-jha610#primaryimage"},"image":{"@id":"https:\/\/audioproxpert.com\/?product=jinghao-jha610#primaryimage"},"thumbnailUrl":"https:\/\/audioproxpert.com\/wp-content\/uploads\/2024\/04\/IMG-20240418-WA0027.jpg","datePublished":"2024-04-18T14:54:34+00:00","dateModified":"2024-12-23T20:38:53+00:00","breadcrumb":{"@id":"https:\/\/audioproxpert.com\/?product=jinghao-jha610#breadcrumb"},"inLanguage":"es","potentialAction":[{"@type":"ReadAction","target":["https:\/\/audioproxpert.com\/?product=jinghao-jha610"]}]},{"@type":"ImageObject","inLanguage":"es","@id":"https:\/\/audioproxpert.com\/?product=jinghao-jha610#primaryimage","url":"https:\/\/audioproxpert.com\/wp-content\/uploads\/2024\/04\/IMG-20240418-WA0027.jpg","contentUrl":"https:\/\/audioproxpert.com\/wp-content\/uploads\/2024\/04\/IMG-20240418-WA0027.jpg","width":940,"height":788},{"@type":"BreadcrumbList","@id":"https:\/\/audioproxpert.com\/?product=jinghao-jha610#breadcrumb","itemListElement":[{"@type":"ListItem","position":1,"name":"Portada","item":"https:\/\/audioproxpert.com\/"},{"@type":"ListItem","position":2,"name":"Tienda","item":"https:\/\/audioproxpert.com\/?page_id=20"},{"@type":"ListItem","position":3,"name":"Jinghao JHA610"}]},{"@type":"WebSite","@id":"https:\/\/audioproxpert.com\/#website","url":"https:\/\/audioproxpert.com\/","name":"audioproxpert","description":"","potentialAction":[{"@type":"SearchAction","target":{"@type":"EntryPoint","urlTemplate":"https:\/\/audioproxpert.com\/?s={search_term_string}"},"query-input":{"@type":"PropertyValueSpecification","valueRequired":true,"valueName":"search_term_string"}}],"inLanguage":"es"}]}},"uagb_featured_image_src":{"full":["https:\/\/audioproxpert.com\/wp-content\/uploads\/2024\/04\/IMG-20240418-WA0027.jpg",940,788,false],"thumbnail":["https:\/\/audioproxpert.com\/wp-content\/uploads\/2024\/04\/IMG-20240418-WA0027-150x150.jpg",150,150,true],"medium":["https:\/\/audioproxpert.com\/wp-content\/uploads\/2024\/04\/IMG-20240418-WA0027-300x251.jpg",300,251,true],"medium_large":["https:\/\/audioproxpert.com\/wp-content\/uploads\/2024\/04\/IMG-20240418-WA0027-768x644.jpg",768,644,true],"large":["https:\/\/audioproxpert.com\/wp-content\/uploads\/2024\/04\/IMG-20240418-WA0027.jpg",940,788,false],"1536x1536":["https:\/\/audioproxpert.com\/wp-content\/uploads\/2024\/04\/IMG-20240418-WA0027.jpg",940,788,false],"2048x2048":["https:\/\/audioproxpert.com\/wp-content\/uploads\/2024\/04\/IMG-20240418-WA0027.jpg",940,788,false],"et-pb-post-main-image":["https:\/\/audioproxpert.com\/wp-content\/uploads\/2024\/04\/IMG-20240418-WA0027-400x250.jpg",400,250,true],"et-pb-post-main-image-fullwidth":["https:\/\/audioproxpert.com\/wp-content\/uploads\/2024\/04\/IMG-20240418-WA0027-940x675.jpg",940,675,true],"et-pb-portfolio-image":["https:\/\/audioproxpert.com\/wp-content\/uploads\/2024\/04\/IMG-20240418-WA0027-400x284.jpg",400,284,true],"et-pb-portfolio-module-image":["https:\/\/audioproxpert.com\/wp-content\/uploads\/2024\/04\/IMG-20240418-WA0027-510x382.jpg",510,382,true],"et-pb-portfolio-image-single":["https:\/\/audioproxpert.com\/wp-content\/uploads\/2024\/04\/IMG-20240418-WA0027.jpg",940,788,false],"et-pb-gallery-module-image-portrait":["https:\/\/audioproxpert.com\/wp-content\/uploads\/2024\/04\/IMG-20240418-WA0027-400x516.jpg",400,516,true],"et-pb-post-main-image-fullwidth-large":["https:\/\/audioproxpert.com\/wp-content\/uploads\/2024\/04\/IMG-20240418-WA0027.jpg",940,788,false],"et-pb-image--responsive--desktop":["https:\/\/audioproxpert.com\/wp-content\/uploads\/2024\/04\/IMG-20240418-WA0027.jpg",859,720,false],"et-pb-image--responsive--tablet":["https:\/\/audioproxpert.com\/wp-content\/uploads\/2024\/04\/IMG-20240418-WA0027.jpg",657,551,false],"et-pb-image--responsive--phone":["https:\/\/audioproxpert.com\/wp-content\/uploads\/2024\/04\/IMG-20240418-WA0027-480x402.jpg",322,270,true],"woocommerce_thumbnail":["https:\/\/audioproxpert.com\/wp-content\/uploads\/2024\/04\/IMG-20240418-WA0027-300x300.jpg",300,300,true],"woocommerce_single":["https:\/\/audioproxpert.com\/wp-content\/uploads\/2024\/04\/IMG-20240418-WA0027-600x503.jpg",600,503,true],"woocommerce_gallery_thumbnail":["https:\/\/audioproxpert.com\/wp-content\/uploads\/2024\/04\/IMG-20240418-WA0027-100x100.jpg",100,100,true]},"uagb_author_info":{"display_name":"Luis Diaz","author_link":"https:\/\/audioproxpert.com\/?author=0"},"uagb_comment_info":0,"uagb_excerpt":"La detecci\u00f3n en el o\u00eddo sin chirrido evita la retroalimentaci\u00f3n : reduce el riesgo de da\u00f1o auditivo debido al chirrido, enciende con detecci\u00f3n de colocaci\u00f3n en el canal auditivo, ap\u00e1galo una vez retirado. Ajuste c\u00f3modo : ergonom\u00eda perfeccionada, aproximadamente 3 g de peso ligero. Col\u00f3quese naturalmente en los canales auditivos para un ajuste firme y&hellip;","jetpack_sharing_enabled":true,"_links":{"self":[{"href":"https:\/\/audioproxpert.com\/index.php?rest_route=\/wp\/v2\/product\/591","targetHints":{"allow":["GET"]}}],"collection":[{"href":"https:\/\/audioproxpert.com\/index.php?rest_route=\/wp\/v2\/product"}],"about":[{"href":"https:\/\/audioproxpert.com\/index.php?rest_route=\/wp\/v2\/types\/product"}],"replies":[{"embeddable":true,"href":"https:\/\/audioproxpert.com\/index.php?rest_route=%2Fwp%2Fv2%2Fcomments&post=591"}],"wp:featuredmedia":[{"embeddable":true,"href":"https:\/\/audioproxpert.com\/index.php?rest_route=\/wp\/v2\/media\/594"}],"wp:attachment":[{"href":"https:\/\/audioproxpert.com\/index.php?rest_route=%2Fwp%2Fv2%2Fmedia&parent=591"}],"wp:term":[{"taxonomy":"product_brand","embeddable":true,"href":"https:\/\/audioproxpert.com\/index.php?rest_route=%2Fwp%2Fv2%2Fproduct_brand&post=591"},{"taxonomy":"product_cat","embeddable":true,"href":"https:\/\/audioproxpert.com\/index.php?rest_route=%2Fwp%2Fv2%2Fproduct_cat&post=591"},{"taxonomy":"product_tag","embeddable":true,"href":"https:\/\/audioproxpert.com\/index.php?rest_route=%2Fwp%2Fv2%2Fproduct_tag&post=591"}],"curies":[{"name":"wp","href":"https:\/\/api.w.org\/{rel}","templated":true}]}}