{"id":269,"date":"2023-11-15T23:47:55","date_gmt":"2023-11-15T22:47:55","guid":{"rendered":"https:\/\/audioproxpert.com\/?post_type=product&#038;p=269"},"modified":"2024-04-18T09:42:42","modified_gmt":"2024-04-18T15:42:42","slug":"jinghao-jh-w3","status":"publish","type":"product","link":"https:\/\/audioproxpert.com\/?product=jinghao-jh-w3","title":{"rendered":"Jinghao JH W3"},"content":{"rendered":"<p data-sourcepos=\"13:1-13:228\">El aparato auditivo se puede ajustar para adaptarse a las necesidades individuales del usuario. El usuario puede ajustar la intensidad del sonido, el equilibrio entre los sonidos graves y agudos, y la sensibilidad del micr\u00f3fono.<\/p>\n<p data-sourcepos=\"15:1-15:88\">El aparato auditivo viene con un estuche de transporte para protegerlo cuando no se usa.<\/p>\n<p data-sourcepos=\"17:1-17:14\"><strong>Materiales<\/strong><\/p>\n<p data-sourcepos=\"19:1-19:300\">El Jinghao W3 est\u00e1 hecho de materiales de alta calidad que lo hacen duradero y resistente. El cuerpo del aparato auditivo est\u00e1 hecho de pl\u00e1stico ABS, que es un material fuerte y ligero. El tubo que conduce el sonido al canal auditivo est\u00e1 hecho de silicona, que es un material suave y c\u00f3modo.<\/p>\n<p data-sourcepos=\"21:1-21:24\"><strong>Durabilidad de carga<\/strong><\/p>\n<p data-sourcepos=\"23:1-23:175\">El Jinghao W3 tiene una bater\u00eda recargable que dura hasta 24 horas con una sola carga. El aparato auditivo se carga a trav\u00e9s de un cable USB que viene con el aparato auditivo.<\/p>\n<p data-sourcepos=\"25:1-25:25\"><strong>Otras caracter\u00edsticas<\/strong><\/p>\n<p data-sourcepos=\"27:1-27:63\">El Jinghao W3 tiene las siguientes caracter\u00edsticas adicionales:<\/p>\n<ul data-sourcepos=\"29:1-33:0\">\n<li data-sourcepos=\"29:1-29:87\">Funci\u00f3n de reducci\u00f3n de ruido para mejorar la claridad del habla en entornos ruidosos<\/li>\n<li data-sourcepos=\"30:1-30:94\">Funci\u00f3n de localizaci\u00f3n del sonido para ayudar al usuario a identificar la fuente del sonido<\/li>\n<li data-sourcepos=\"31:1-31:109\">Funci\u00f3n de adaptaci\u00f3n autom\u00e1tica para ajustar autom\u00e1ticamente el aparato auditivo a los entornos cambiantes<\/li>\n<li data-sourcepos=\"32:1-33:0\">Funci\u00f3n de procesamiento de se\u00f1al digital (DSP) para mejorar la calidad del sonido<\/li>\n<\/ul>\n","protected":false},"excerpt":{"rendered":"<ul>\n<li><span style=\"font-weight: 400;\">Adaptaci\u00f3n auditiva inmediata\u00a0<\/span><\/li>\n<li><span style=\"font-weight: 400;\">Autoprogramable\u00a0<\/span><\/li>\n<li><span style=\"font-weight: 400;\">Recargable\u00a0<\/span><\/li>\n<li><span style=\"font-weight: 400;\">Se cargan en menos de 4 horas\u00a0<\/span><\/li>\n<li><span style=\"font-weight: 400;\">Tiempo de uso aproximado hasta de 18 horas, dependiendo del uso que el paciente le de.<\/span><\/li>\n<li><span style=\"font-weight: 400;\">Conectividad Bluetooth<\/span><\/li>\n<li>Certificado CE, ROHS, ISO13485, ISO9000<\/li>\n<\/ul>\n","protected":false},"featured_media":271,"comment_status":"open","ping_status":"closed","template":"","meta":{"_et_pb_use_builder":"","_et_pb_old_content":"","_et_gb_content_width":"","_uag_custom_page_level_css":""},"product_brand":[],"product_cat":[24,25],"product_tag":[],"class_list":{"0":"post-269","1":"product","2":"type-product","3":"status-publish","4":"has-post-thumbnail","6":"product_cat-jinghao","7":"product_cat-no-programable","9":"first","10":"outofstock","11":"taxable","12":"shipping-taxable","13":"purchasable","14":"product-type-simple"},"yoast_head":"<!-- This site is optimized with the Yoast SEO plugin v23.5 - https:\/\/yoast.com\/wordpress\/plugins\/seo\/ -->\n<title>Jinghao JH W3 - audioproxpert<\/title>\n<meta name=\"robots\" content=\"index, follow, max-snippet:-1, max-image-preview:large, max-video-preview:-1\" \/>\n<link rel=\"canonical\" href=\"https:\/\/audioproxpert.com\/?product=jinghao-jh-w3\" \/>\n<meta property=\"og:locale\" content=\"es_ES\" \/>\n<meta property=\"og:type\" content=\"article\" \/>\n<meta property=\"og:title\" content=\"Jinghao JH W3 - audioproxpert\" \/>\n<meta property=\"og:description\" content=\"Adaptaci\u00f3n auditiva inmediata\u00a0  Autoprogramable\u00a0  Recargable\u00a0  Se cargan en menos de 4 horas\u00a0  Tiempo de uso aproximado hasta de 18 horas, dependiendo del uso que el paciente le de.  Conectividad Bluetooth  Certificado CE, ROHS, ISO13485, ISO9000\" \/>\n<meta property=\"og:url\" content=\"https:\/\/audioproxpert.com\/?product=jinghao-jh-w3\" \/>\n<meta property=\"og:site_name\" content=\"audioproxpert\" \/>\n<meta property=\"article:publisher\" content=\"https:\/\/www.facebook.com\/profile.php?id=100083037445521\" \/>\n<meta property=\"article:modified_time\" content=\"2024-04-18T15:42:42+00:00\" \/>\n<meta property=\"og:image\" content=\"https:\/\/audioproxpert.com\/wp-content\/uploads\/2023\/11\/IMG_4591.webp\" \/>\n\t<meta property=\"og:image:width\" content=\"1512\" \/>\n\t<meta property=\"og:image:height\" content=\"2016\" \/>\n\t<meta property=\"og:image:type\" content=\"image\/webp\" \/>\n<meta name=\"twitter:card\" content=\"summary_large_image\" \/>\n<meta name=\"twitter:site\" content=\"@AudioproXperts\" \/>\n<meta name=\"twitter:label1\" content=\"Tiempo de lectura\" \/>\n\t<meta name=\"twitter:data1\" content=\"1 minuto\" \/>\n<script type=\"application\/ld+json\" class=\"yoast-schema-graph\">{\"@context\":\"https:\/\/schema.org\",\"@graph\":[{\"@type\":\"WebPage\",\"@id\":\"https:\/\/audioproxpert.com\/?product=jinghao-jh-w3\",\"url\":\"https:\/\/audioproxpert.com\/?product=jinghao-jh-w3\",\"name\":\"Jinghao JH W3 - audioproxpert\",\"isPartOf\":{\"@id\":\"https:\/\/audioproxpert.com\/#website\"},\"primaryImageOfPage\":{\"@id\":\"https:\/\/audioproxpert.com\/?product=jinghao-jh-w3#primaryimage\"},\"image\":{\"@id\":\"https:\/\/audioproxpert.com\/?product=jinghao-jh-w3#primaryimage\"},\"thumbnailUrl\":\"https:\/\/audioproxpert.com\/wp-content\/uploads\/2023\/11\/IMG_4591.webp\",\"datePublished\":\"2023-11-15T22:47:55+00:00\",\"dateModified\":\"2024-04-18T15:42:42+00:00\",\"breadcrumb\":{\"@id\":\"https:\/\/audioproxpert.com\/?product=jinghao-jh-w3#breadcrumb\"},\"inLanguage\":\"es\",\"potentialAction\":[{\"@type\":\"ReadAction\",\"target\":[\"https:\/\/audioproxpert.com\/?product=jinghao-jh-w3\"]}]},{\"@type\":\"ImageObject\",\"inLanguage\":\"es\",\"@id\":\"https:\/\/audioproxpert.com\/?product=jinghao-jh-w3#primaryimage\",\"url\":\"https:\/\/audioproxpert.com\/wp-content\/uploads\/2023\/11\/IMG_4591.webp\",\"contentUrl\":\"https:\/\/audioproxpert.com\/wp-content\/uploads\/2023\/11\/IMG_4591.webp\",\"width\":1512,\"height\":2016},{\"@type\":\"BreadcrumbList\",\"@id\":\"https:\/\/audioproxpert.com\/?product=jinghao-jh-w3#breadcrumb\",\"itemListElement\":[{\"@type\":\"ListItem\",\"position\":1,\"name\":\"Portada\",\"item\":\"https:\/\/audioproxpert.com\/\"},{\"@type\":\"ListItem\",\"position\":2,\"name\":\"Tienda\",\"item\":\"https:\/\/audioproxpert.com\/?page_id=20\"},{\"@type\":\"ListItem\",\"position\":3,\"name\":\"Jinghao JH W3\"}]},{\"@type\":\"WebSite\",\"@id\":\"https:\/\/audioproxpert.com\/#website\",\"url\":\"https:\/\/audioproxpert.com\/\",\"name\":\"audioproxpert\",\"description\":\"\",\"potentialAction\":[{\"@type\":\"SearchAction\",\"target\":{\"@type\":\"EntryPoint\",\"urlTemplate\":\"https:\/\/audioproxpert.com\/?s={search_term_string}\"},\"query-input\":{\"@type\":\"PropertyValueSpecification\",\"valueRequired\":true,\"valueName\":\"search_term_string\"}}],\"inLanguage\":\"es\"}]}<\/script>\n<!-- \/ Yoast SEO plugin. -->","yoast_head_json":{"title":"Jinghao JH W3 - audioproxpert","robots":{"index":"index","follow":"follow","max-snippet":"max-snippet:-1","max-image-preview":"max-image-preview:large","max-video-preview":"max-video-preview:-1"},"canonical":"https:\/\/audioproxpert.com\/?product=jinghao-jh-w3","og_locale":"es_ES","og_type":"article","og_title":"Jinghao JH W3 - audioproxpert","og_description":"Adaptaci\u00f3n auditiva inmediata\u00a0  Autoprogramable\u00a0  Recargable\u00a0  Se cargan en menos de 4 horas\u00a0  Tiempo de uso aproximado hasta de 18 horas, dependiendo del uso que el paciente le de.  Conectividad Bluetooth  Certificado CE, ROHS, ISO13485, ISO9000","og_url":"https:\/\/audioproxpert.com\/?product=jinghao-jh-w3","og_site_name":"audioproxpert","article_publisher":"https:\/\/www.facebook.com\/profile.php?id=100083037445521","article_modified_time":"2024-04-18T15:42:42+00:00","og_image":[{"width":1512,"height":2016,"url":"https:\/\/audioproxpert.com\/wp-content\/uploads\/2023\/11\/IMG_4591.webp","type":"image\/webp"}],"twitter_card":"summary_large_image","twitter_site":"@AudioproXperts","twitter_misc":{"Tiempo de lectura":"1 minuto"},"schema":{"@context":"https:\/\/schema.org","@graph":[{"@type":"WebPage","@id":"https:\/\/audioproxpert.com\/?product=jinghao-jh-w3","url":"https:\/\/audioproxpert.com\/?product=jinghao-jh-w3","name":"Jinghao JH W3 - audioproxpert","isPartOf":{"@id":"https:\/\/audioproxpert.com\/#website"},"primaryImageOfPage":{"@id":"https:\/\/audioproxpert.com\/?product=jinghao-jh-w3#primaryimage"},"image":{"@id":"https:\/\/audioproxpert.com\/?product=jinghao-jh-w3#primaryimage"},"thumbnailUrl":"https:\/\/audioproxpert.com\/wp-content\/uploads\/2023\/11\/IMG_4591.webp","datePublished":"2023-11-15T22:47:55+00:00","dateModified":"2024-04-18T15:42:42+00:00","breadcrumb":{"@id":"https:\/\/audioproxpert.com\/?product=jinghao-jh-w3#breadcrumb"},"inLanguage":"es","potentialAction":[{"@type":"ReadAction","target":["https:\/\/audioproxpert.com\/?product=jinghao-jh-w3"]}]},{"@type":"ImageObject","inLanguage":"es","@id":"https:\/\/audioproxpert.com\/?product=jinghao-jh-w3#primaryimage","url":"https:\/\/audioproxpert.com\/wp-content\/uploads\/2023\/11\/IMG_4591.webp","contentUrl":"https:\/\/audioproxpert.com\/wp-content\/uploads\/2023\/11\/IMG_4591.webp","width":1512,"height":2016},{"@type":"BreadcrumbList","@id":"https:\/\/audioproxpert.com\/?product=jinghao-jh-w3#breadcrumb","itemListElement":[{"@type":"ListItem","position":1,"name":"Portada","item":"https:\/\/audioproxpert.com\/"},{"@type":"ListItem","position":2,"name":"Tienda","item":"https:\/\/audioproxpert.com\/?page_id=20"},{"@type":"ListItem","position":3,"name":"Jinghao JH W3"}]},{"@type":"WebSite","@id":"https:\/\/audioproxpert.com\/#website","url":"https:\/\/audioproxpert.com\/","name":"audioproxpert","description":"","potentialAction":[{"@type":"SearchAction","target":{"@type":"EntryPoint","urlTemplate":"https:\/\/audioproxpert.com\/?s={search_term_string}"},"query-input":{"@type":"PropertyValueSpecification","valueRequired":true,"valueName":"search_term_string"}}],"inLanguage":"es"}]}},"uagb_featured_image_src":{"full":["https:\/\/audioproxpert.com\/wp-content\/uploads\/2023\/11\/IMG_4591.webp",1512,2016,false],"thumbnail":["https:\/\/audioproxpert.com\/wp-content\/uploads\/2023\/11\/IMG_4591-150x150.webp",150,150,true],"medium":["https:\/\/audioproxpert.com\/wp-content\/uploads\/2023\/11\/IMG_4591-225x300.webp",225,300,true],"medium_large":["https:\/\/audioproxpert.com\/wp-content\/uploads\/2023\/11\/IMG_4591-768x1024.webp",768,1024,true],"large":["https:\/\/audioproxpert.com\/wp-content\/uploads\/2023\/11\/IMG_4591-768x1024.webp",768,1024,true],"1536x1536":["https:\/\/audioproxpert.com\/wp-content\/uploads\/2023\/11\/IMG_4591-1152x1536.webp",1152,1536,true],"2048x2048":["https:\/\/audioproxpert.com\/wp-content\/uploads\/2023\/11\/IMG_4591.webp",1512,2016,false],"et-pb-post-main-image":["https:\/\/audioproxpert.com\/wp-content\/uploads\/2023\/11\/IMG_4591-400x250.webp",400,250,true],"et-pb-post-main-image-fullwidth":["https:\/\/audioproxpert.com\/wp-content\/uploads\/2023\/11\/IMG_4591-1080x675.webp",1080,675,true],"et-pb-portfolio-image":["https:\/\/audioproxpert.com\/wp-content\/uploads\/2023\/11\/IMG_4591-400x284.webp",400,284,true],"et-pb-portfolio-module-image":["https:\/\/audioproxpert.com\/wp-content\/uploads\/2023\/11\/IMG_4591-510x382.webp",510,382,true],"et-pb-portfolio-image-single":["https:\/\/audioproxpert.com\/wp-content\/uploads\/2023\/11\/IMG_4591-1080x1440.webp",1080,1440,true],"et-pb-gallery-module-image-portrait":["https:\/\/audioproxpert.com\/wp-content\/uploads\/2023\/11\/IMG_4591-400x516.webp",400,516,true],"et-pb-post-main-image-fullwidth-large":["https:\/\/audioproxpert.com\/wp-content\/uploads\/2023\/11\/IMG_4591-1512x1800.webp",1512,1800,true],"et-pb-image--responsive--desktop":["https:\/\/audioproxpert.com\/wp-content\/uploads\/2023\/11\/IMG_4591-1280x1707.webp",540,720,true],"et-pb-image--responsive--tablet":["https:\/\/audioproxpert.com\/wp-content\/uploads\/2023\/11\/IMG_4591-980x1307.webp",413,551,true],"et-pb-image--responsive--phone":["https:\/\/audioproxpert.com\/wp-content\/uploads\/2023\/11\/IMG_4591-480x640.webp",203,270,true],"woocommerce_thumbnail":["https:\/\/audioproxpert.com\/wp-content\/uploads\/2023\/11\/IMG_4591-300x300.webp",300,300,true],"woocommerce_single":["https:\/\/audioproxpert.com\/wp-content\/uploads\/2023\/11\/IMG_4591-600x800.webp",600,800,true],"woocommerce_gallery_thumbnail":["https:\/\/audioproxpert.com\/wp-content\/uploads\/2023\/11\/IMG_4591-100x100.webp",100,100,true]},"uagb_author_info":{"display_name":"audioproxpert.com","author_link":"https:\/\/audioproxpert.com\/?author=0"},"uagb_comment_info":0,"uagb_excerpt":"Adaptaci\u00f3n auditiva inmediata\u00a0 Autoprogramable\u00a0 Recargable\u00a0 Se cargan en menos de 4 horas\u00a0 Tiempo de uso aproximado hasta de 18 horas, dependiendo del uso que el paciente le de. Conectividad Bluetooth Certificado CE, ROHS, ISO13485, ISO9000","jetpack_sharing_enabled":true,"_links":{"self":[{"href":"https:\/\/audioproxpert.com\/index.php?rest_route=\/wp\/v2\/product\/269","targetHints":{"allow":["GET"]}}],"collection":[{"href":"https:\/\/audioproxpert.com\/index.php?rest_route=\/wp\/v2\/product"}],"about":[{"href":"https:\/\/audioproxpert.com\/index.php?rest_route=\/wp\/v2\/types\/product"}],"replies":[{"embeddable":true,"href":"https:\/\/audioproxpert.com\/index.php?rest_route=%2Fwp%2Fv2%2Fcomments&post=269"}],"wp:featuredmedia":[{"embeddable":true,"href":"https:\/\/audioproxpert.com\/index.php?rest_route=\/wp\/v2\/media\/271"}],"wp:attachment":[{"href":"https:\/\/audioproxpert.com\/index.php?rest_route=%2Fwp%2Fv2%2Fmedia&parent=269"}],"wp:term":[{"taxonomy":"product_brand","embeddable":true,"href":"https:\/\/audioproxpert.com\/index.php?rest_route=%2Fwp%2Fv2%2Fproduct_brand&post=269"},{"taxonomy":"product_cat","embeddable":true,"href":"https:\/\/audioproxpert.com\/index.php?rest_route=%2Fwp%2Fv2%2Fproduct_cat&post=269"},{"taxonomy":"product_tag","embeddable":true,"href":"https:\/\/audioproxpert.com\/index.php?rest_route=%2Fwp%2Fv2%2Fproduct_tag&post=269"}],"curies":[{"name":"wp","href":"https:\/\/api.w.org\/{rel}","templated":true}]}}