{"id":262,"date":"2023-11-15T23:38:14","date_gmt":"2023-11-15T22:38:14","guid":{"rendered":"https:\/\/audioproxpert.com\/?post_type=product&#038;p=262"},"modified":"2023-12-14T10:56:56","modified_gmt":"2023-12-14T16:56:56","slug":"retone-smart-r102-n","status":"publish","type":"product","link":"https:\/\/audioproxpert.com\/?product=retone-smart-r102-n","title":{"rendered":"Retone Smart R102- N"},"content":{"rendered":"<p data-sourcepos=\"12:1-12:228\">El aparato auditivo se puede ajustar para adaptarse a las necesidades individuales del usuario. El usuario puede ajustar la intensidad del sonido, el equilibrio entre los sonidos graves y agudos, y la sensibilidad del micr\u00f3fono.<\/p>\n<p data-sourcepos=\"14:1-14:88\">El aparato auditivo viene con un estuche de transporte para protegerlo cuando no se usa.<\/p>\n<p data-sourcepos=\"16:1-16:75\">Las siguientes son las caracter\u00edsticas principales del Retone Smart R102-N:<\/p>\n<ul data-sourcepos=\"18:1-24:0\">\n<li data-sourcepos=\"18:1-18:32\">Dise\u00f1o intraauricular discreto<\/li>\n<li data-sourcepos=\"19:1-19:35\">Amplificaci\u00f3n digital programable<\/li>\n<li data-sourcepos=\"20:1-20:55\">Micr\u00f3fonos duales para una mejor captaci\u00f3n del sonido<\/li>\n<li data-sourcepos=\"21:1-21:63\">Altavoz de alta calidad para una reproducci\u00f3n de sonido clara<\/li>\n<li data-sourcepos=\"22:1-22:56\">Controles f\u00e1ciles de usar para una f\u00e1cil configuraci\u00f3n<\/li>\n<li data-sourcepos=\"23:1-24:0\">Funci\u00f3n de reducci\u00f3n de ruido para mejorar la claridad del habla en entornos ruidosos<\/li>\n<li data-sourcepos=\"29:1-29:18\">Es m\u00e1s discreto<\/li>\n<li data-sourcepos=\"30:1-31:0\">Es m\u00e1s f\u00e1cil de insertar y quitar<\/li>\n<\/ul>\n<p data-sourcepos=\"25:1-25:165\">El Retone Smart R102-N es una buena opci\u00f3n para personas con p\u00e9rdida auditiva de leve a moderada que buscan un aparato auditivo discreto con caracter\u00edsticas b\u00e1sicas.<\/p>\n","protected":false},"excerpt":{"rendered":"<ul>\n<li><span style=\"font-weight: 400;\">Adaptaci\u00f3n auditiva inmediata\u00a0<\/span><\/li>\n<li><span style=\"font-weight: 400;\">Autoprogramable\u00a0<\/span><\/li>\n<li><span style=\"font-weight: 400;\">Recargable\u00a0<\/span><\/li>\n<li><span style=\"font-weight: 400;\">Se cargan en menos de 6 horas<\/span><\/li>\n<li>Tiempo de uso aproximado hasta de 20 horas, dependiendo del uso que le de el paciente<\/li>\n<\/ul>\n","protected":false},"featured_media":263,"comment_status":"open","ping_status":"closed","template":"","meta":{"_et_pb_use_builder":"","_et_pb_old_content":"","_et_gb_content_width":"","_uag_custom_page_level_css":""},"product_brand":[],"product_cat":[25,19],"product_tag":[],"class_list":{"0":"post-262","1":"product","2":"type-product","3":"status-publish","4":"has-post-thumbnail","6":"product_cat-no-programable","7":"product_cat-retone","9":"first","10":"instock","11":"taxable","12":"shipping-taxable","13":"purchasable","14":"product-type-simple"},"yoast_head":"<!-- This site is optimized with the Yoast SEO plugin v23.5 - https:\/\/yoast.com\/wordpress\/plugins\/seo\/ -->\n<title>Retone Smart R102- N - audioproxpert<\/title>\n<meta name=\"robots\" content=\"index, follow, max-snippet:-1, max-image-preview:large, max-video-preview:-1\" \/>\n<link rel=\"canonical\" href=\"https:\/\/audioproxpert.com\/?product=retone-smart-r102-n\" \/>\n<meta property=\"og:locale\" content=\"es_ES\" \/>\n<meta property=\"og:type\" content=\"article\" \/>\n<meta property=\"og:title\" content=\"Retone Smart R102- N - audioproxpert\" \/>\n<meta property=\"og:description\" content=\"Adaptaci\u00f3n auditiva inmediata\u00a0  Autoprogramable\u00a0  Recargable\u00a0  Se cargan en menos de 6 horas  Tiempo de uso aproximado hasta de 20 horas, dependiendo del uso que le de el paciente\" \/>\n<meta property=\"og:url\" content=\"https:\/\/audioproxpert.com\/?product=retone-smart-r102-n\" \/>\n<meta property=\"og:site_name\" content=\"audioproxpert\" \/>\n<meta property=\"article:publisher\" content=\"https:\/\/www.facebook.com\/profile.php?id=100083037445521\" \/>\n<meta property=\"article:modified_time\" content=\"2023-12-14T16:56:56+00:00\" \/>\n<meta property=\"og:image\" content=\"https:\/\/audioproxpert.com\/wp-content\/uploads\/2023\/11\/IMG_4707.webp\" \/>\n\t<meta property=\"og:image:width\" content=\"1512\" \/>\n\t<meta property=\"og:image:height\" content=\"2016\" \/>\n\t<meta property=\"og:image:type\" content=\"image\/webp\" \/>\n<meta name=\"twitter:card\" content=\"summary_large_image\" \/>\n<meta name=\"twitter:site\" content=\"@AudioproXperts\" \/>\n<meta name=\"twitter:label1\" content=\"Tiempo de lectura\" \/>\n\t<meta name=\"twitter:data1\" content=\"1 minuto\" \/>\n<script type=\"application\/ld+json\" class=\"yoast-schema-graph\">{\"@context\":\"https:\/\/schema.org\",\"@graph\":[{\"@type\":\"WebPage\",\"@id\":\"https:\/\/audioproxpert.com\/?product=retone-smart-r102-n\",\"url\":\"https:\/\/audioproxpert.com\/?product=retone-smart-r102-n\",\"name\":\"Retone Smart R102- N - audioproxpert\",\"isPartOf\":{\"@id\":\"https:\/\/audioproxpert.com\/#website\"},\"primaryImageOfPage\":{\"@id\":\"https:\/\/audioproxpert.com\/?product=retone-smart-r102-n#primaryimage\"},\"image\":{\"@id\":\"https:\/\/audioproxpert.com\/?product=retone-smart-r102-n#primaryimage\"},\"thumbnailUrl\":\"https:\/\/audioproxpert.com\/wp-content\/uploads\/2023\/11\/IMG_4707.webp\",\"datePublished\":\"2023-11-15T22:38:14+00:00\",\"dateModified\":\"2023-12-14T16:56:56+00:00\",\"breadcrumb\":{\"@id\":\"https:\/\/audioproxpert.com\/?product=retone-smart-r102-n#breadcrumb\"},\"inLanguage\":\"es\",\"potentialAction\":[{\"@type\":\"ReadAction\",\"target\":[\"https:\/\/audioproxpert.com\/?product=retone-smart-r102-n\"]}]},{\"@type\":\"ImageObject\",\"inLanguage\":\"es\",\"@id\":\"https:\/\/audioproxpert.com\/?product=retone-smart-r102-n#primaryimage\",\"url\":\"https:\/\/audioproxpert.com\/wp-content\/uploads\/2023\/11\/IMG_4707.webp\",\"contentUrl\":\"https:\/\/audioproxpert.com\/wp-content\/uploads\/2023\/11\/IMG_4707.webp\",\"width\":1512,\"height\":2016},{\"@type\":\"BreadcrumbList\",\"@id\":\"https:\/\/audioproxpert.com\/?product=retone-smart-r102-n#breadcrumb\",\"itemListElement\":[{\"@type\":\"ListItem\",\"position\":1,\"name\":\"Portada\",\"item\":\"https:\/\/audioproxpert.com\/\"},{\"@type\":\"ListItem\",\"position\":2,\"name\":\"Tienda\",\"item\":\"https:\/\/audioproxpert.com\/?page_id=20\"},{\"@type\":\"ListItem\",\"position\":3,\"name\":\"Retone Smart R102- N\"}]},{\"@type\":\"WebSite\",\"@id\":\"https:\/\/audioproxpert.com\/#website\",\"url\":\"https:\/\/audioproxpert.com\/\",\"name\":\"audioproxpert\",\"description\":\"\",\"potentialAction\":[{\"@type\":\"SearchAction\",\"target\":{\"@type\":\"EntryPoint\",\"urlTemplate\":\"https:\/\/audioproxpert.com\/?s={search_term_string}\"},\"query-input\":{\"@type\":\"PropertyValueSpecification\",\"valueRequired\":true,\"valueName\":\"search_term_string\"}}],\"inLanguage\":\"es\"}]}<\/script>\n<!-- \/ Yoast SEO plugin. -->","yoast_head_json":{"title":"Retone Smart R102- N - audioproxpert","robots":{"index":"index","follow":"follow","max-snippet":"max-snippet:-1","max-image-preview":"max-image-preview:large","max-video-preview":"max-video-preview:-1"},"canonical":"https:\/\/audioproxpert.com\/?product=retone-smart-r102-n","og_locale":"es_ES","og_type":"article","og_title":"Retone Smart R102- N - audioproxpert","og_description":"Adaptaci\u00f3n auditiva inmediata\u00a0  Autoprogramable\u00a0  Recargable\u00a0  Se cargan en menos de 6 horas  Tiempo de uso aproximado hasta de 20 horas, dependiendo del uso que le de el paciente","og_url":"https:\/\/audioproxpert.com\/?product=retone-smart-r102-n","og_site_name":"audioproxpert","article_publisher":"https:\/\/www.facebook.com\/profile.php?id=100083037445521","article_modified_time":"2023-12-14T16:56:56+00:00","og_image":[{"width":1512,"height":2016,"url":"https:\/\/audioproxpert.com\/wp-content\/uploads\/2023\/11\/IMG_4707.webp","type":"image\/webp"}],"twitter_card":"summary_large_image","twitter_site":"@AudioproXperts","twitter_misc":{"Tiempo de lectura":"1 minuto"},"schema":{"@context":"https:\/\/schema.org","@graph":[{"@type":"WebPage","@id":"https:\/\/audioproxpert.com\/?product=retone-smart-r102-n","url":"https:\/\/audioproxpert.com\/?product=retone-smart-r102-n","name":"Retone Smart R102- N - audioproxpert","isPartOf":{"@id":"https:\/\/audioproxpert.com\/#website"},"primaryImageOfPage":{"@id":"https:\/\/audioproxpert.com\/?product=retone-smart-r102-n#primaryimage"},"image":{"@id":"https:\/\/audioproxpert.com\/?product=retone-smart-r102-n#primaryimage"},"thumbnailUrl":"https:\/\/audioproxpert.com\/wp-content\/uploads\/2023\/11\/IMG_4707.webp","datePublished":"2023-11-15T22:38:14+00:00","dateModified":"2023-12-14T16:56:56+00:00","breadcrumb":{"@id":"https:\/\/audioproxpert.com\/?product=retone-smart-r102-n#breadcrumb"},"inLanguage":"es","potentialAction":[{"@type":"ReadAction","target":["https:\/\/audioproxpert.com\/?product=retone-smart-r102-n"]}]},{"@type":"ImageObject","inLanguage":"es","@id":"https:\/\/audioproxpert.com\/?product=retone-smart-r102-n#primaryimage","url":"https:\/\/audioproxpert.com\/wp-content\/uploads\/2023\/11\/IMG_4707.webp","contentUrl":"https:\/\/audioproxpert.com\/wp-content\/uploads\/2023\/11\/IMG_4707.webp","width":1512,"height":2016},{"@type":"BreadcrumbList","@id":"https:\/\/audioproxpert.com\/?product=retone-smart-r102-n#breadcrumb","itemListElement":[{"@type":"ListItem","position":1,"name":"Portada","item":"https:\/\/audioproxpert.com\/"},{"@type":"ListItem","position":2,"name":"Tienda","item":"https:\/\/audioproxpert.com\/?page_id=20"},{"@type":"ListItem","position":3,"name":"Retone Smart R102- N"}]},{"@type":"WebSite","@id":"https:\/\/audioproxpert.com\/#website","url":"https:\/\/audioproxpert.com\/","name":"audioproxpert","description":"","potentialAction":[{"@type":"SearchAction","target":{"@type":"EntryPoint","urlTemplate":"https:\/\/audioproxpert.com\/?s={search_term_string}"},"query-input":{"@type":"PropertyValueSpecification","valueRequired":true,"valueName":"search_term_string"}}],"inLanguage":"es"}]}},"uagb_featured_image_src":{"full":["https:\/\/audioproxpert.com\/wp-content\/uploads\/2023\/11\/IMG_4707.webp",1512,2016,false],"thumbnail":["https:\/\/audioproxpert.com\/wp-content\/uploads\/2023\/11\/IMG_4707-150x150.webp",150,150,true],"medium":["https:\/\/audioproxpert.com\/wp-content\/uploads\/2023\/11\/IMG_4707-225x300.webp",225,300,true],"medium_large":["https:\/\/audioproxpert.com\/wp-content\/uploads\/2023\/11\/IMG_4707-768x1024.webp",768,1024,true],"large":["https:\/\/audioproxpert.com\/wp-content\/uploads\/2023\/11\/IMG_4707-768x1024.webp",768,1024,true],"1536x1536":["https:\/\/audioproxpert.com\/wp-content\/uploads\/2023\/11\/IMG_4707-1152x1536.webp",1152,1536,true],"2048x2048":["https:\/\/audioproxpert.com\/wp-content\/uploads\/2023\/11\/IMG_4707.webp",1512,2016,false],"et-pb-post-main-image":["https:\/\/audioproxpert.com\/wp-content\/uploads\/2023\/11\/IMG_4707-400x250.webp",400,250,true],"et-pb-post-main-image-fullwidth":["https:\/\/audioproxpert.com\/wp-content\/uploads\/2023\/11\/IMG_4707-1080x675.webp",1080,675,true],"et-pb-portfolio-image":["https:\/\/audioproxpert.com\/wp-content\/uploads\/2023\/11\/IMG_4707-400x284.webp",400,284,true],"et-pb-portfolio-module-image":["https:\/\/audioproxpert.com\/wp-content\/uploads\/2023\/11\/IMG_4707-510x382.webp",510,382,true],"et-pb-portfolio-image-single":["https:\/\/audioproxpert.com\/wp-content\/uploads\/2023\/11\/IMG_4707-1080x1440.webp",1080,1440,true],"et-pb-gallery-module-image-portrait":["https:\/\/audioproxpert.com\/wp-content\/uploads\/2023\/11\/IMG_4707-400x516.webp",400,516,true],"et-pb-post-main-image-fullwidth-large":["https:\/\/audioproxpert.com\/wp-content\/uploads\/2023\/11\/IMG_4707-1512x1800.webp",1512,1800,true],"et-pb-image--responsive--desktop":["https:\/\/audioproxpert.com\/wp-content\/uploads\/2023\/11\/IMG_4707-1280x1707.webp",540,720,true],"et-pb-image--responsive--tablet":["https:\/\/audioproxpert.com\/wp-content\/uploads\/2023\/11\/IMG_4707-980x1307.webp",413,551,true],"et-pb-image--responsive--phone":["https:\/\/audioproxpert.com\/wp-content\/uploads\/2023\/11\/IMG_4707-480x640.webp",203,270,true],"woocommerce_thumbnail":["https:\/\/audioproxpert.com\/wp-content\/uploads\/2023\/11\/IMG_4707-300x300.webp",300,300,true],"woocommerce_single":["https:\/\/audioproxpert.com\/wp-content\/uploads\/2023\/11\/IMG_4707-600x800.webp",600,800,true],"woocommerce_gallery_thumbnail":["https:\/\/audioproxpert.com\/wp-content\/uploads\/2023\/11\/IMG_4707-100x100.webp",100,100,true]},"uagb_author_info":{"display_name":"audioproxpert.com","author_link":"https:\/\/audioproxpert.com\/?author=0"},"uagb_comment_info":0,"uagb_excerpt":"Adaptaci\u00f3n auditiva inmediata\u00a0 Autoprogramable\u00a0 Recargable\u00a0 Se cargan en menos de 6 horas Tiempo de uso aproximado hasta de 20 horas, dependiendo del uso que le de el paciente","jetpack_sharing_enabled":true,"_links":{"self":[{"href":"https:\/\/audioproxpert.com\/index.php?rest_route=\/wp\/v2\/product\/262","targetHints":{"allow":["GET"]}}],"collection":[{"href":"https:\/\/audioproxpert.com\/index.php?rest_route=\/wp\/v2\/product"}],"about":[{"href":"https:\/\/audioproxpert.com\/index.php?rest_route=\/wp\/v2\/types\/product"}],"replies":[{"embeddable":true,"href":"https:\/\/audioproxpert.com\/index.php?rest_route=%2Fwp%2Fv2%2Fcomments&post=262"}],"wp:featuredmedia":[{"embeddable":true,"href":"https:\/\/audioproxpert.com\/index.php?rest_route=\/wp\/v2\/media\/263"}],"wp:attachment":[{"href":"https:\/\/audioproxpert.com\/index.php?rest_route=%2Fwp%2Fv2%2Fmedia&parent=262"}],"wp:term":[{"taxonomy":"product_brand","embeddable":true,"href":"https:\/\/audioproxpert.com\/index.php?rest_route=%2Fwp%2Fv2%2Fproduct_brand&post=262"},{"taxonomy":"product_cat","embeddable":true,"href":"https:\/\/audioproxpert.com\/index.php?rest_route=%2Fwp%2Fv2%2Fproduct_cat&post=262"},{"taxonomy":"product_tag","embeddable":true,"href":"https:\/\/audioproxpert.com\/index.php?rest_route=%2Fwp%2Fv2%2Fproduct_tag&post=262"}],"curies":[{"name":"wp","href":"https:\/\/api.w.org\/{rel}","templated":true}]}}